{"id":2362,"date":"2018-06-21T15:02:56","date_gmt":"2018-06-21T21:02:56","guid":{"rendered":"http:\/\/leatherfactorygt.com\/?post_type=product&#038;p=2362"},"modified":"2018-06-23T10:46:22","modified_gmt":"2018-06-23T16:46:22","slug":"cotizador","status":"publish","type":"product","link":"https:\/\/leatherfactorygt.com\/?product=cotizador","title":{"rendered":"Cotizador"},"content":{"rendered":"<p>Fabricacion de muebles para clientes particulares: Salas hechas a la medida en cuero y \/ o tela, dise\u00f1os exclusivos dados por el cliente. Sillas, sillones, sof\u00e1s, sof\u00e1s-cama, cocinas, etc.<\/p>\n","protected":false},"excerpt":{"rendered":"<p>Fabricacion de muebles para clientes particulares: Salas hechas a la medida en cuero y \/ o tela, dise\u00f1os exclusivos dados por el cliente. Sillas, sillones, sof\u00e1s, sof\u00e1s-cama, cocinas, etc.<\/p>\n","protected":false},"featured_media":2288,"comment_status":"open","ping_status":"closed","template":"","meta":[],"product_brand":[],"product_cat":[34],"product_tag":[],"class_list":{"0":"post-2362","1":"product","2":"type-product","3":"status-publish","4":"has-post-thumbnail","6":"product_cat-fabricacionpersonalizada","8":"first","9":"instock","10":"shipping-taxable","11":"product-type-simple"},"_links":{"self":[{"href":"https:\/\/leatherfactorygt.com\/index.php?rest_route=\/wp\/v2\/product\/2362","targetHints":{"allow":["GET"]}}],"collection":[{"href":"https:\/\/leatherfactorygt.com\/index.php?rest_route=\/wp\/v2\/product"}],"about":[{"href":"https:\/\/leatherfactorygt.com\/index.php?rest_route=\/wp\/v2\/types\/product"}],"replies":[{"embeddable":true,"href":"https:\/\/leatherfactorygt.com\/index.php?rest_route=%2Fwp%2Fv2%2Fcomments&post=2362"}],"wp:featuredmedia":[{"embeddable":true,"href":"https:\/\/leatherfactorygt.com\/index.php?rest_route=\/wp\/v2\/media\/2288"}],"wp:attachment":[{"href":"https:\/\/leatherfactorygt.com\/index.php?rest_route=%2Fwp%2Fv2%2Fmedia&parent=2362"}],"wp:term":[{"taxonomy":"product_brand","embeddable":true,"href":"https:\/\/leatherfactorygt.com\/index.php?rest_route=%2Fwp%2Fv2%2Fproduct_brand&post=2362"},{"taxonomy":"product_cat","embeddable":true,"href":"https:\/\/leatherfactorygt.com\/index.php?rest_route=%2Fwp%2Fv2%2Fproduct_cat&post=2362"},{"taxonomy":"product_tag","embeddable":true,"href":"https:\/\/leatherfactorygt.com\/index.php?rest_route=%2Fwp%2Fv2%2Fproduct_tag&post=2362"}],"curies":[{"name":"wp","href":"https:\/\/api.w.org\/{rel}","templated":true}]}}